{"id":441,"date":"2019-09-13T05:26:01","date_gmt":"2019-09-13T05:26:01","guid":{"rendered":"http:\/\/afcatalunya.com\/?page_id=441"},"modified":"2019-09-13T05:26:01","modified_gmt":"2019-09-13T05:26:01","slug":"condicions-de-venda","status":"publish","type":"page","link":"https:\/\/alianzafrancesa.es\/ca\/condicions-de-venda\/","title":{"rendered":"Condicions de venda"},"content":{"rendered":"<p>[vc_row css_animation=&#8221;&#8221; row_type=&#8221;row&#8221; use_row_as_full_screen_section=&#8221;no&#8221; type=&#8221;full_width&#8221; angled_section=&#8221;no&#8221; text_align=&#8221;left&#8221; background_image_as_pattern=&#8221;without_pattern&#8221; css=&#8221;.vc_custom_1567600144891{margin-bottom: 30px !important;}&#8221; z_index=&#8221;&#8221;][vc_column][vc_column_text]<\/p>\n<h2>CONDICIONES DE VENTA<\/h2>\n<p>A trav\u00e9s de su <strong>SITIO WEB; <\/strong><strong><u>www.afcatalunya.cat,<\/u><\/strong> de, <strong>ALIANZA FRANCESA DE GRANOLLERS,<\/strong> en adelante el administrador de la p\u00e1gina\u00a0 web, \u00a0es una asociaci\u00f3n sin \u00e1nimo de lucro reconocida de utilidad p\u00fablica y creada en Paris el a\u00f1o 1883. Debido al contenido y la finalidad del <strong>SITIO WEB<\/strong>, las personas que quieran informaci\u00f3n o adquirir los cursos ofrecidos en esta web, deber\u00e1n registrarse en el formulario de, <strong>USUARIOS\/CLIENTES,<\/strong> el cual se adquiere completando el formulario de, <strong>REGISTRO, <\/strong>sus datos ser\u00e1n incorporados en un fichero automatizado\u00a0 para su protecci\u00f3n por lo \u00a0expuesto en el art\u00edculo, 13, del Reglamento General de Protecci\u00f3n de Datos-UE-2016\/679, del Parlamento y Consejo de Europa, del, 27 de abril de 2016.<\/p>\n<p>&nbsp;<\/p>\n<p><strong>El Delegado de Protecci\u00f3n de Datos (DPD) es; <\/strong><a href=\"mailto:dpd@grupoqualia.net\"><strong>dpd@grupoqualia.net<\/strong><\/a><\/p>\n<p>&nbsp;<\/p>\n<ol>\n<li><strong> <u>INFORMACI\u00d3N SOBRE LA WEB.<br \/>\n<\/u><\/strong>El <strong>SITIO WEB<\/strong>: <strong><u>http:\/\/<\/u><\/strong> <strong><u>www.afcatalunya.cat<\/u><\/strong><strong><u>,<\/u><\/strong> de la que es Administrador,<strong> ALIANZA FRANCESA DE GRANOLLERS,<\/strong> dedicada a la difusi\u00f3n de la lengua y la cultura francesa, as\u00ed como la promoci\u00f3n del intercambio cultural entre pa\u00edses organizando cursos de lengua, con la formaci\u00f3n a personas adultas, j\u00f3venes, ni\u00f1os y profesionales .<br \/>\nPara,<strong> ALIANZA FRANCESA DE GRANOLLERS, <\/strong>\u00a0cada usuario de esta web,\u00a0 es un\u00a0 potencial alumno que se merece que nuestros cursos est\u00e9n a la altura de sus expectativas.<\/li>\n<li><strong> <u>PRECIOS DE LOS CURSOS O EXAMENES.<br \/>\n<\/u><\/strong>Los cursos, ex\u00e1menes y los precios expuestos que se indican a trav\u00e9s del <strong>SITIO WEB<\/strong>, son los que disponemos actualmente para la formaci\u00f3n.<\/li>\n<li><strong> <u>FORMALIZACI\u00d3N DE PEDIDOS<br \/>\n<\/u><\/strong>Una vez formalizado el pedido, es decir, con la <strong>aceptaci\u00f3n<\/strong> de las <strong>condiciones de venta<\/strong> y las <strong>condiciones de uso<\/strong> y la confirmaci\u00f3n del proceso de compra de cursos o ex\u00e1menes en el apartado <strong>MI CESTA<\/strong>, el administrador de la p\u00e1gina Web <strong><u>www.afcatalunya.cat<\/u><\/strong> siempre enviar\u00e1 un correo electr\u00f3nico al <strong>USUARIO\/ALUMNO,<\/strong> confirmando los detalles de los cursos o ex\u00e1menes solicitados, a la vez que informara las fechas y horarios de los cursos y los ex\u00e1menes.<\/li>\n<li><strong> <u>FORMA DE PAGO<br \/>\n<\/u><\/strong>El <strong>USUARIO\/ALUMNO,<\/strong> pagara en el momento que realiza la inscripci\u00f3n del curso o examen.<br \/>\nEl <strong>USUARIO\/ALUMNO,<\/strong> deber\u00e1 abonar el importe correspondiente a su pedido mediante tarjeta de cr\u00e9dito; <strong>VISA,\u00a0 MASTERCARD, o Pay Pal o TRANSFERENCIA BANCARIA.<br \/>\n<\/strong>El <strong>USUARIO\/CLIENTE, <\/strong>deber\u00e1 notificar al administrador de la p\u00e1gina web cualquier cargo indebido o fraudulento en la tarjeta utilizada para los pagos, mediante correo electr\u00f3nico o v\u00eda telef\u00f3nica, en el menor plazo de tiempo posible para que el administrador pueda realizar las gestiones oportunas.<\/li>\n<li><strong> <u>DEVOLUCI\u00d3N<\/u><\/strong>\n<ol>\n<li><strong><u>PROCEDIMIENTO DE DEVOLUCI\u00d3N<br \/>\n<\/u><\/strong>Todos los cursos comprados en la p\u00e1gina web del administrador se podr\u00e1n devolver y reembolsar, siempre que el <strong>USUARIO\/ALUMNO,<\/strong> comunique al administrador su intenci\u00f3n de retorno de curso\/s adquirido\/s dentro del plazo m\u00e1ximo de 7, d\u00edas naturales antes de empezar el curso solicitado.<br \/>\nEl administrador de la p\u00e1gina web s\u00f3lo aceptar\u00e1 devoluciones que cumplan los siguientes requisitos:<br \/>\nComunicar a, <strong>ALIANZA FRANCESA DE GRANOLLERS, <\/strong>la intenci\u00f3n de cancelar la solicitud de la siguiente manera; comunicar antes de 7, d\u00edas h\u00e1biles antes de empezar el curso, si la anulaci\u00f3n del curso es durante la formaci\u00f3n, se le devolver\u00e1 el importe abonado excepto el correspondiente al trimestre en curso de forma presencial, telef\u00f3nica; <strong>+34 938 796 937<\/strong> o correo electr\u00f3nico; <strong>granollers@afcatalunya.cat.<\/strong><\/li>\n<\/ol>\n<\/li>\n<li><strong> <u>REEMBOLSOS AL USUARIO\/CLIENTE<br \/>\n<\/u><\/strong>El administrador de la p\u00e1gina web gestionar\u00e1 la orden de devoluci\u00f3n bajo el mismo sistema que se utiliz\u00f3 para el pago. La aplicaci\u00f3n de la devoluci\u00f3n en la cuenta o tarjeta del <strong>USUARIO\/CLIENTE<\/strong> depender\u00e1 de la tarjeta y de la entidad emisora. El plazo de aplicaci\u00f3n ser\u00e1 de hasta 30 d\u00edas para las tarjetas de cr\u00e9dito.<\/li>\n<li><strong> CONDICIONES GENERALES \/ CONDICIONS GENERALS<br \/>\n<\/strong>Els alumnes tindr\u00e1n acc\u00e9s gratuit o a preu redu\u00eft a la mediateca i a les activitats cultural durant 1 any.<br \/>\nAlliance Fran\u00e7aise es reserva el dret d&#8217;anul\u00b7lar un curs si el nombre d&#8217;inscrits es inferior a cinc persones.<br \/>\n<strong>En cas de baixa en un curs abans del seu inici<\/strong>, s\u2019haur\u00e0 de comunicar per escrit. Els drets de inscripci\u00f3 ser\u00e1n retornats i s\u2019aplicar\u00e0 una retenci\u00f3 de 70 euros en concepte de despeses administratives. Les devolucions es far\u00e0n per transferencia, sent necessari presentar les dades banc\u00e0ries del beneficiari.<br \/>\nEl pagament dels drets d\u2019examens oficials no est\u00e0 incl\u00f2s en el preu, sent aquest examens opcionals.<br \/>\nTota baixa a un curs haur\u00e0 de ser comunicada personalment i\/o per escrit a Secretaria.<br \/>\nEn cas de baixa s&#8217;haur\u00e1 d&#8217;abonar el per\u00edode en curs.<br \/>\nUna vegada iniciat el curs no ser\u00e1 retornat cap import. L&#8217;alumne podr\u00e1 realitzat una nova inscripci\u00f3 a un curs en el pla\u00e7 d&#8217;un any (amb el l\u00edmit de places i horaris disponibles) amb un descompte equivalent als trimestres abonats i no realitzats.<br \/>\nAlliance Fran\u00e7aise es reserva el dret d&#8217;anul\u00b7lar una inscripci\u00f3 per falta de pagament de les quotes de curs corresponents.<br \/>\nEls pagaments s&#8217;hauran de realitzar entre l&#8217;1 i el 10 del primer mes de cada trimestre, per domiciliaci\u00f3 banc\u00e0ria o transferencia.<br \/>\nTota inscripci\u00f3 es considera per un curs i no per periode i\/o hores.<br \/>\nLes sol.licituds de canvi d\u2019horari \u00fanicamente ser\u00e1n ateses si el curs demanant disposa de places vacants.<br \/>\nAlliance Fran\u00e7ais de Granollers es reserva el dret de canviar el prossefor en funci\u00f3 de les necessitats del Centre.<br \/>\nLa inscripci\u00f3n en un curso implica la confirmidad con estas normas.<br \/>\nLa inscripci\u00f3 en un curs implica la conformitat amb aquestes normes.<\/li>\n<li><strong><u> POLITICA DE PRIVACIDAD<br \/>\n<\/u><\/strong>En atenci\u00f3n al l art\u00edculo, 6, apartado, f, del RGPD, expone que los intereses o los derechos y libertades fundamentales del interesado que requieran la protecci\u00f3n de sus datos personales, en particular cuando el interesado se a un menor de 14, a\u00f1os que no pueden prestar su consentimiento para que un comercio online recoja sus datos personales, siendo sus representantes legales\u00a0 (padres \u00f3 tutores) quienes pueden hacerlo en su nombre, salvo cuando el menor tenga como m\u00ednimo, 16 a\u00f1os, que ser\u00e1 licito su consentimiento.<br \/>\n<strong>ALIANZA FRANCESA DE GRANOLLERS,<\/strong> informa de la posibilidad de ejercer los derechos de <strong>acceso<\/strong>, <strong>rectificaci\u00f3n<\/strong>, <strong>oposici\u00f3n,<\/strong> <strong>supresi\u00f3n,<\/strong> <strong>limitaci\u00f3n, <\/strong>y <strong>portabilidad<\/strong>, para que el usuario pueda obtener una copia de los datos personales que haya facilitado en la web a fin de poder transmitirlos a otros servicios, estos derechos se podr\u00e1n ejercer por cualquier medio que deje constancia de su env\u00edo y de su recepci\u00f3n a la direcci\u00f3n:<strong> CORRO, 22, <\/strong>C\u00f3digo Postal: <strong>08401,<\/strong> Localidad: <strong>GRANOLLERS, <\/strong>Provincia: <strong>BARCELONA,<\/strong> Correo electr\u00f3nico: <a href=\"mailto:granollers@afcatalunya.cat\"><strong>granollers@afcatalunya.cat<\/strong><\/a> aportando fotocopia del DNI o documentaci\u00f3n alternativa que acredite su identidad.<\/li>\n<\/ol>\n<p>&nbsp;<\/p>\n<p>[\/vc_column_text][\/vc_column][\/vc_row]<\/p>\n","protected":false},"excerpt":{"rendered":"<p>[vc_row css_animation=&#8221;&#8221; row_type=&#8221;row&#8221; use_row_as_full_screen_section=&#8221;no&#8221; type=&#8221;full_width&#8221; angled_section=&#8221;no&#8221; text_align=&#8221;left&#8221; background_image_as_pattern=&#8221;without_pattern&#8221; css=&#8221;.vc_custom_1567600144891{margin-bottom: 30px !important;}&#8221; z_index=&#8221;&#8221;][vc_column][vc_column_text] CONDICIONES DE VENTA A trav\u00e9s de su SITIO WEB; www.afcatalunya.cat, de, ALIANZA FRANCESA DE GRANOLLERS, en adelante el administrador de la p\u00e1gina\u00a0 web, \u00a0es una asociaci\u00f3n sin \u00e1nimo de lucro reconocida de utilidad&#8230;<\/p>\n","protected":false},"author":1,"featured_media":0,"parent":0,"menu_order":0,"comment_status":"closed","ping_status":"open","template":"","meta":[],"_links":{"self":[{"href":"https:\/\/alianzafrancesa.es\/ca\/wp-json\/wp\/v2\/pages\/441"}],"collection":[{"href":"https:\/\/alianzafrancesa.es\/ca\/wp-json\/wp\/v2\/pages"}],"about":[{"href":"https:\/\/alianzafrancesa.es\/ca\/wp-json\/wp\/v2\/types\/page"}],"author":[{"embeddable":true,"href":"https:\/\/alianzafrancesa.es\/ca\/wp-json\/wp\/v2\/users\/1"}],"replies":[{"embeddable":true,"href":"https:\/\/alianzafrancesa.es\/ca\/wp-json\/wp\/v2\/comments?post=441"}],"version-history":[{"count":1,"href":"https:\/\/alianzafrancesa.es\/ca\/wp-json\/wp\/v2\/pages\/441\/revisions"}],"predecessor-version":[{"id":442,"href":"https:\/\/alianzafrancesa.es\/ca\/wp-json\/wp\/v2\/pages\/441\/revisions\/442"}],"wp:attachment":[{"href":"https:\/\/alianzafrancesa.es\/ca\/wp-json\/wp\/v2\/media?parent=441"}],"curies":[{"name":"wp","href":"https:\/\/api.w.org\/{rel}","templated":true}]}}