{"id":2,"date":"2016-05-10T03:48:21","date_gmt":"2016-05-10T03:48:21","guid":{"rendered":"http:\/\/afcatalunya.com\/?page_id=2"},"modified":"2019-09-04T12:30:19","modified_gmt":"2019-09-04T12:30:19","slug":"avis-legal-i-politica-de-privacitat","status":"publish","type":"page","link":"https:\/\/alianzafrancesa.es\/ca\/avis-legal-i-politica-de-privacitat\/","title":{"rendered":"Av\u00eds legal i Pol\u00edtica de privacitat"},"content":{"rendered":"<p>[vc_row css_animation=&#8221;&#8221; row_type=&#8221;row&#8221; use_row_as_full_screen_section=&#8221;no&#8221; type=&#8221;full_width&#8221; angled_section=&#8221;no&#8221; text_align=&#8221;left&#8221; background_image_as_pattern=&#8221;without_pattern&#8221; css=&#8221;.vc_custom_1567600144891{margin-bottom: 30px !important;}&#8221; z_index=&#8221;&#8221;][vc_column][vc_column_text]<\/p>\n<h2>AV\u00cdS LEGAL<\/h2>\n<ol>\n<li><b>INFORMACI\u00d3 CORPORATIVA<br \/>\n<\/b>En compliment de la Llei 34\/2002, d\u201911 de juliol, de serveis de la societat de la informaci\u00f3 i de comer\u00e7 electr\u00f2nic, <b>ALIANZA FRANCESA GRANOLLERS<\/b> l\u2019informa que \u00e9s titular dels llocs web: <b>www.afcatalunya.cat,<\/b> d\u2019acord amb l\u2019exig\u00e8ncia de l\u2019article 10 de l\u2019esmentada Llei,<b> ALIANZA FRANCESA GRANOLLERS, <\/b>notifica les dades seg\u00fcents: el titular d\u2019aquesta p\u00e0gina web \u00e9s\u00a0<b>ALIANZA FRANCESA GRANOLLERS<\/b> amb CIF\/NIF: <b>G58003732. <\/b>Entitat p\u00fablica: <b>ALIANZA FRANCESA DE GRANOLLERS<\/b>, <b>\u00a0<\/b>amb n\u00aa de registre<b> GENERALITAT CATALUNYA N\u00ba 7139\u00a0 <\/b>i Domicili Social: <b>CORRO, 22.<\/b> Codi Postal: <b>08401<\/b>. Localitat: <b>GRANOLLERS<\/b>, Prov\u00edncia: <b>BARCELONA<\/b>. L\u2019adre\u00e7a de correu electr\u00f2nic de contacte \u00e9s: info@afgranollers.org<\/li>\n<li><b>USUARI\u00a0 I REGIM DE RESPONSABILITATS<br \/>\n<\/b>La navegaci\u00f3 per acc\u00e9s i \u00fas de la p\u00e0gina web <b>www.afcatalunya.cat<\/b> i tots els subdominis i directoris inclosos sota la mateixa, aix\u00ed com els serveis o continguts que a trav\u00e9s d&#8217;ell es puguin obtenir i tots els portals de domini propi sota titularitat de <b>ALIANZA FRANCESA GRANOLLERS,<\/b>, atorga la condici\u00f3 d&#8217;<b>Usuari<\/b>, per la que s&#8217;accepten, en navegar per la p\u00e0gina de <b>ALIANZA FRANCESA GRANOLLERS,<\/b>, totes les condicions d&#8217;\u00fas que s&#8217;estableixen aqu\u00ed sense perjudicar l&#8217;aplicaci\u00f3 de la corresponent normativa d&#8217;obligat compliment legal segons el cas.<br \/>\nPer aix\u00f2, si les consideracions detallades en aquest Av\u00eds Legal no s\u00f3n de la seva conformitat, preguem no faci \u00fas del Portal, ja que qualsevol \u00fas que faci del mateix o dels serveis i continguts en ell inclosos implicar\u00e0 l&#8217;acceptaci\u00f3 dels termes legals recollits en aquest text.<br \/>\nLa p\u00e0gina web de <b>ALIANZA FRANCESA GRANOLLERS,<\/b> proporcionen gran diversitat d\u2019informaci\u00f3, serveis i dades. L\u2019<b>Usuari<\/b> assumeix la seva responsabilitat en l\u2019\u00fas correcte dels llocs web. Aquesta responsabilitat s\u2019estendr\u00e0 a: La veracitat i licitud de les informacions aportades per l\u2019<b>Usuari<\/b> als formularis emesos per<b> ALIANZA FRANCESA GRANOLLERS,<\/b> per accedir a determinats continguts o serveis oferts per la web.<br \/>\nL\u2019\u00fas de la informaci\u00f3, serveis i dades oferts per\u00a0<b>ALIANZA FRANCESA GRANOLLERS,<\/b> no aniran contra les disposicions d\u2019aquestes condicions, la Llei, la moral, els bons costums o l\u2019ordre p\u00fablic o que, en qualsevol altre cas, puguin suposar lesi\u00f3 dels drets de tercers o del funcionament dels llocs web.<br \/>\nA aquest efecte, l&#8217;<b>Usuari<\/b> s&#8217;abstindr\u00e0 d&#8217;utilitzar qualsevol dels continguts amb fins o efectes il\u00b7l\u00edcits, prohibits en aquest text, lesius dels drets i interessos de tercers, o que de qualsevol forma puguin danyar, inutilitzar, sobrecarregar, deteriorar o impedir la normal utilitzaci\u00f3 dels continguts, altres <b>Usuaris<\/b> o de qualsevol <b>Usuari<\/b> d&#8217;Internet (hardware y software).<br \/>\nEls <b>Usuari<\/b>s respondran dels danys i perjudicis de tota naturalesa que l&#8217;empresa propiet\u00e0ria de la web pugui patir, directament o indirectament, com a conseq\u00fc\u00e8ncia d&#8217;incompliment de qualsevol de les obligacions derivades de l&#8217;\u00fas de la Web i d&#8217;aquesta pol\u00edtica de privacitat.<br \/>\nEn particular, i a t\u00edtol merament indicatiu i no exhaustiu, l&#8217;<b>Usuari<\/b> es compromet a no transmetre, difondre o posar a disposici\u00f3 de tercers informacions, dades, continguts, missatges, gr\u00e0fics, dibuixos, arxius de so i \/ o imatge, fotografies del web.<\/li>\n<\/ol>\n<h2>POL\u00cdTICA DE PRIVACITAT<\/h2>\n<ol>\n<li><b>POL\u00cdTICA D\u2019ENLLA\u00c7OS I EXEMPCIONS DE RESPONSABILITAT<br \/>\n<\/b><b>ALIANZA FRANCESA GRANOLLERS,<\/b> no es fa responsable del contingut de les p\u00e0gines web a les quals pugui accedir l\u2019<b>Usuari<\/b> a trav\u00e9s dels enlla\u00e7os establerts als seus llocs web i declara que en cap cas examinar\u00e0 ni exercitar\u00e0 cap tipus de control sobre el contingut d\u2019altres p\u00e0gines de la xarxa.<br \/>\nAix\u00ed mateix, tampoc garanteix la disponibilitat t\u00e8cnica, exactitud, veracitat, validesa o legalitat de p\u00e0gines alienes a la seva propietat a les qual es pugui accedir a trav\u00e9s dels enlla\u00e7os.<br \/>\n<b>ALIANZA FRANCESA GRANOLLERS,<\/b> declara que ha adoptat totes les mesures necess\u00e0ries per evitar qualsevol dany que pugui derivar-se de la navegaci\u00f3 per les seves p\u00e0gines web. En conseq\u00fc\u00e8ncia,<b> ALIANZA FRANCESA GRANOLLERS,<\/b> no es fa responsable, en cap cas, dels eventuals danys que pugui sofrir l\u2019<b>Usuari<\/b> a causa de la navegaci\u00f3 per Internet.<br \/>\n<b>ALIANZA FRANCESA GRANOLLERS,<\/b> no es responsabilitza dels danys o perjudicis de qualsevol tipus produ\u00efts en l&#8217;<b>Usuari<\/b> que portin causa d&#8217;errors o desconnexions a les xarxes de telecomunicacions que produeixin la suspensi\u00f3, cancel\u00b7laci\u00f3 o interrupci\u00f3 del servei de la web durant la prestaci\u00f3 del mateix o amb car\u00e0cter previ.<br \/>\nL&#8217;acc\u00e9s a la web: <b>www.afcatalunya.cat<\/b> no implica l&#8217;obligaci\u00f3 per part de l&#8217;empresa de controlar l&#8217;abs\u00e8ncia de virus o qualsevol altre element inform\u00e0tic dany\u00f3s. Correspon a l&#8217;<b>Usuari<\/b>, en tot cas, la disponibilitat d&#8217;eines adequades per a la detecci\u00f3 i desinfecci\u00f3 de programes inform\u00e0tics nocius.<br \/>\n<b>ALIANZA FRANCESA GRANOLLERS,<\/b> no es responsabilitza dels danys produ\u00efts en els equips inform\u00e0tics, documents i\/o fitxers dels <b>Usuaris<\/b> o de tercers durant la prestaci\u00f3 del servei al Portal.<\/li>\n<li><b>PUBLICITAT<br \/>\n<\/b>La Web: <b>www.afcatalunya.cat<\/b> podr\u00e0 allotjar continguts publicitaris o patrocinats. Els anunciants o patrocinadors s\u00f3n els \u00fanics responsables d&#8217;assegurar que el material rem\u00e8s per a la seva inclusi\u00f3 a la Web compleix amb les lleis que en cada cas puguin ser d&#8217;aplicaci\u00f3.<br \/>\n<b>ALIANZA FRANCESA GRANOLLERS,<\/b> no ser\u00e0 responsable de qualsevol error, inexactitud o irregularitat que puguin contenir els continguts publicitaris o dels patrocinadors.<\/li>\n<li><b>MODIFICACIONS<br \/>\n<\/b><b>ALIANZA FRANCESA GRANOLLERS,<\/b> es reserva el dret a realitzar les modificacions que consideri oportunes, sense av\u00eds previ, al contingut dels seus llocs web, tant pel que fa als continguts dels llocs web com per les seves condicions d\u2019\u00fas o per les condicions generals de contractaci\u00f3. Aquestes modificacions podran realitzar-se, a trav\u00e9s dels seus llocs web, de qualsevol forma admissible en dret i seran d\u2019obligat compliment durant el temps que estiguin publicades a la web i fins que no siguin modificades per d\u2019altres de posteriors.<\/li>\n<li><b>RESERVA DE COOKIES<br \/>\n<\/b><b>ALIANZA FRANCESA GRANOLLERS,<\/b> es reserva el dret d\u2019utilitzar cookies en la navegaci\u00f3 de l\u2019<b>Usuari<\/b> pels seus llocs web per facilitar la personalitzaci\u00f3 i comoditat de la navegaci\u00f3. Seguint la pol\u00edtica de protecci\u00f3 de dades de l\u2019empresa, <b>ALIANZA FRANCESA GRANOLLERS,<\/b> informa que les cookies s\u2019associen a l\u2019<b>Usuari<\/b> an\u00f2nim i al seu ordinador i no proporcionen per si mateixes ni el nom ni els cognoms de l\u2019<b>Usuari<\/b>.<br \/>\nL\u2019<b>Usuari<\/b> t\u00e9 la possibilitat de configurar el seu navegador de manera que sigui informat de la recepci\u00f3 de cookies, amb la possibilitat, si aix\u00ed ho desitja, d\u2019impedir que s\u2019instal\u00b7lin al seu disc dur. No obstant aix\u00f2, per accedir als llocs web de <b>ALIANZA FRANCESA GRANOLLERS,<\/b> no \u00e9s preceptiva la instal\u00b7laci\u00f3 de cookies.<br \/>\nL&#8217;<b>Usuari<\/b> es compromet a abstenir-se de reproduir, copiar, distribuir, posar a disposici\u00f3 o de qualsevol altra forma de comunicar p\u00fablicament, transformar o modificar els Continguts, llevat que es compti amb l&#8217;autoritzaci\u00f3 del titular dels corresponents drets o aix\u00f2 resulti legalment perm\u00e8s.<\/li>\n<li><b>PROTECCI\u00d3 DE DADES PERSONAL<br \/>\n<\/b>De conformitat amb el que estableix la Llei Org\u00e0nica i el Reglament General -UE- 2016\/679 del Parlament i Consell d\u2019Europa de Protecci\u00f3 de Dades de Car\u00e0cter Personal,\u00a0aprovat el 27 d\u2019abril de 2016, <b>ALIANZA FRANCESA GRANOLLERS,<\/b> informa als <b>Usuaris<\/b> dels seus websites, que estem obligats a guardar secret professional de les dades personals captades per l\u2019empresa mitjan\u00e7ant els formularis situats a les seves p\u00e0gines, aquesta obligaci\u00f3 continur\u00e0 fins i tot despr\u00e9s d&#8217;haver finalitzat la nostra relaci\u00f3 comercial o contractual, i en cap cas podrem fer p\u00fablics les dades personals dels visitants i clients a la web sense el seu consentiment, els menors de 13 anys, no poden prestar el seu consentiment per a qu\u00e8 un comer\u00e7 reculli i tracti les seves dades personals; solament els seus representants legals (pares o tutors) s\u00f3n els qui poden fer-ho en el seu nom. Aquells comer\u00e7os que necessitin tractar dades de menors de 13 anys, han de disposar dels mitjans per obtenir el consentiment dels seus pares o tutors, per exemple, mitjan\u00e7ant un missatge de correu electr\u00f2nic dirigit a algun d&#8217;ells que contingui un enlla\u00e7 a un formulari electr\u00f2nic. No es pot demanar als menors de 13 anys dades sobre l&#8217;\u00e0mbit familiar, sent l&#8217;\u00fanica excepci\u00f3 les dades d&#8217;identificaci\u00f3 i contacte dels pares o tutors.<br \/>\nAquestes dades seran introdu\u00efts en un fitxer automatitzat sota la responsabilitat de l\u2019administrador de la web de\u00a0<b>ALIANZA FRANCESA GRANOLLERS,<\/b>, amb la finalitat de poder facilitar, agilitzar i complir els compromisos establerts entre ambdues parts. Aix\u00ed mateix,\u00a0<b>ALIANZA FRANCESA GRANOLLERS,<\/b>, informa de la possibilitat d\u2019exercir els drets <b>d\u2019acc\u00e9s<\/b>, que permet a l&#8217;usuari web, con\u00e8ixer que dades personals t\u00e9 l&#8217;administrador d&#8217;aquesta p\u00e0gina i en tal cas contest\u00e9s en un termini de 30 dies, sempre que conservi les dades, <b>rectificaci\u00f3<\/b>, que permet corregir errors, modificar les dades que siguin inexactes o incomplets i garantir la certesa de la informaci\u00f3, <b>oposici\u00f3,<\/b> que podr\u00e0 sol\u00b7licitar i aconseguir que no dugui a terme el tractament de dades, <b>supressi\u00f3,<\/b> que permet que se suprimeixin les dades inadequades o excessius, <b>limitaci\u00f3<\/b>, pel qual pot sol\u00b7licitar que es limiti el tractament de les seves dades quan hagi exercit el seu dret a la rectificaci\u00f3 de les seves dades personals, i <b>portabilitat<\/b>, perqu\u00e8 l&#8217;usuari pugui obtenir una c\u00f2pia de les dades personals que hagi facilitat a la web a fi de poder transmetre&#8217;ls a altres serveis, aquests drets es podran exercir\u00a0 per qualsevol mitj\u00e0 que deixi const\u00e0ncia del seu enviament i de la seva recepci\u00f3 a l\u2019adre\u00e7a: <b>CORRO, 22. <\/b>Codi Postal: <b>08401<\/b>. Localitat: <b>GRANOLLERS<\/b>. Prov\u00edncia: <b>BARCELONA<\/b>., o al correu electr\u00f2nic granollers@afcatalunya.cat<b>, <\/b>aportant fotoc\u00f2pia del DNI o documentaci\u00f3 alternativa que acrediti la seva identitat.<br \/>\nMentre no ens comuniqui el contrari, entendrem que les seves dades no han estat modificats, que vost\u00e8 es compromet a notificar-nos qualsevol variaci\u00f3 i que tenim el consentiment per utilitzar-los a fi de poder fidelitzar la relaci\u00f3 entre les parts.<br \/>\nL&#8217;enviament de les seves dades mitjan\u00e7ant el\/els formulari\/s de la nostra web, estar\u00e0 supeditat obligat\u00f2riament al fet que hagi llegit\/acceptat la Pol\u00edtica de Privacitat, mitjan\u00e7ant un check box obligatori a peu del formulari.<br \/>\nD\u2019acord amb el que estableix la Llei 34\/2002, de Serveis de la Societat de la Informaci\u00f3 i el Comer\u00e7 Electr\u00f2nic en el seu article 21, demanem el seu consentiment per a poder realitzar comunicacions publicit\u00e0ries que considerem puguin ser del seu inter\u00e8s, per correu electr\u00f2nic o per qualsevol altre mitj\u00e0 de comunicaci\u00f3 electr\u00f2nica equivalent, aquest consentiment ho acceptar\u00e0 o negar\u00e0 amb un check box obligatori a peu del formulari.<\/li>\n<li><b>PROPIETAT INTEL\u00b7LECTUAL<br \/>\n<\/b>Els drets de propietat intel\u00b7lectual i industrial derivats de tots els textos, imatges, com tamb\u00e9 dels mitjans i formes de presentaci\u00f3 i muntatge de les seves p\u00e0gines pertanyen, per si mateixos o com a cession\u00e0ria, a <b>ALIANZA FRANCESA GRANOLLERS,<\/b> seran, per tant, obres protegides amb propietat intel\u00b7lectual per l\u2019ordenament jur\u00eddic espanyol i se\u2019ls podr\u00e0 aplicar tant la normativa espanyola i comunit\u00e0ria en aquest camp, com els tractats internacionals relatius a la mat\u00e8ria i subscrits per Espanya.<br \/>\nTots els drets reservats. En compliment de la Llei de la Propietat Intel\u00b7lectual es prohibeix expressament la reproducci\u00f3, distribuci\u00f3, comunicaci\u00f3 p\u00fablica i utilitzaci\u00f3 de la totalitat o part dels continguts de les seves p\u00e0gines web sense el consentiment expl\u00edcit de\u00a0<b>ALIANZA FRANCESA GRANOLLERS,<br \/>\n<\/b>Aix\u00ed mateix, <b>ALIANZA FRANCESA GRANOLLERS,<\/b> es reserva la facultat de presentar les accions civils o penals que consideri oportunes per la utilitzaci\u00f3 indeguda de les seves p\u00e0gines web i continguts o per l\u2019 incompliment d\u2019aquestes condicions.<\/li>\n<li><b>SEGELLS DE CONFIAN\u00c7A<br \/>\n<\/b>Els segells de confian\u00e7a s\u00f3n distintius que es proporcionen a les tendes online per demostrar la seva qualitat i seguretat en la venda online.<br \/>\nPer aconseguir el segell, aquestes s\u00f3n auditades o avaluades per comprovar que compleixen els criteris de seguretat en la compra i compliment legal.<br \/>\nLes tendes que disposen d&#8217;un segell de confian\u00e7a estan adherides a un codi de conducta i solen oferir als consumidors procediments alternatius de resoluci\u00f3 de conflictes senzills, r\u00e0pids i c\u00f2modes.<\/li>\n<li><b>CERTIFICATS DE COMPLIMENT LSSI-CE I PROTECCI\u00d3 DE DADES<br \/>\n<\/b><b>www.afcatalunya.cat<\/b> compleix amb la normativa de Protecci\u00f3 de Dades vigent i amb la <b>LSSI-CE<\/b>, i ha estat assessorada en aquestes normatives per <a href=\"http:\/\/www.grupoqualia.net\/es\/inicio\"><b>GRUPO QUALIA<\/b><\/a>, per la qual cosa se li atorguen dues certificats en format d&#8217;imatge digital perqu\u00e8 pugui exposar-los en el seu lloc web.<\/li>\n<li><b>ACCIONS LEGAL, LEGISLACI\u00d3 APLICABLE I JURISDICCI\u00d3<br \/>\n<\/b>La relaci\u00f3 entre l\u2019usuari i\u00a0<b>ALIANZA FRANCESA GRANOLLERS,<\/b> es regir\u00e0 per la normativa espanyola vigent i seran competents, per decidir sobre qualsevol controv\u00e8rsia que pugui sorgir entre l\u2019usuari i <b>ALIANZA FRANCESA GRANOLLERS,<\/b>, els jutjats o tribunals de la localitat de <b>GRANOLLERS.<\/b><\/li>\n<\/ol>\n<p>[\/vc_column_text][\/vc_column][\/vc_row]<\/p>\n","protected":false},"excerpt":{"rendered":"<p>[vc_row css_animation=&#8221;&#8221; row_type=&#8221;row&#8221; use_row_as_full_screen_section=&#8221;no&#8221; type=&#8221;full_width&#8221; angled_section=&#8221;no&#8221; text_align=&#8221;left&#8221; background_image_as_pattern=&#8221;without_pattern&#8221; css=&#8221;.vc_custom_1567600144891{margin-bottom: 30px !important;}&#8221; z_index=&#8221;&#8221;][vc_column][vc_column_text] AV\u00cdS LEGAL INFORMACI\u00d3 CORPORATIVA En compliment de la Llei 34\/2002, d\u201911 de juliol, de serveis de la societat de la informaci\u00f3 i de comer\u00e7 electr\u00f2nic, ALIANZA FRANCESA GRANOLLERS l\u2019informa que \u00e9s titular dels&#8230;<\/p>\n","protected":false},"author":1,"featured_media":0,"parent":0,"menu_order":0,"comment_status":"closed","ping_status":"open","template":"","meta":[],"_links":{"self":[{"href":"https:\/\/alianzafrancesa.es\/ca\/wp-json\/wp\/v2\/pages\/2"}],"collection":[{"href":"https:\/\/alianzafrancesa.es\/ca\/wp-json\/wp\/v2\/pages"}],"about":[{"href":"https:\/\/alianzafrancesa.es\/ca\/wp-json\/wp\/v2\/types\/page"}],"author":[{"embeddable":true,"href":"https:\/\/alianzafrancesa.es\/ca\/wp-json\/wp\/v2\/users\/1"}],"replies":[{"embeddable":true,"href":"https:\/\/alianzafrancesa.es\/ca\/wp-json\/wp\/v2\/comments?post=2"}],"version-history":[{"count":2,"href":"https:\/\/alianzafrancesa.es\/ca\/wp-json\/wp\/v2\/pages\/2\/revisions"}],"predecessor-version":[{"id":250,"href":"https:\/\/alianzafrancesa.es\/ca\/wp-json\/wp\/v2\/pages\/2\/revisions\/250"}],"wp:attachment":[{"href":"https:\/\/alianzafrancesa.es\/ca\/wp-json\/wp\/v2\/media?parent=2"}],"curies":[{"name":"wp","href":"https:\/\/api.w.org\/{rel}","templated":true}]}}